{"id":3941,"date":"2016-12-25T11:19:40","date_gmt":"2016-12-25T08:19:40","guid":{"rendered":"http:\/\/www.alfadestek.com\/simgeasansor\/?page_id=3941"},"modified":"2016-12-25T12:17:07","modified_gmt":"2016-12-25T09:17:07","slug":"kurumsal","status":"publish","type":"page","link":"https:\/\/www.simgeasansor.com.tr\/index.php\/kurumsal\/","title":{"rendered":"Kurumsal"},"content":{"rendered":"<p><span style=\"font-family: Arial;\"><span style=\"font-family: Tahoma; font-size: medium;\"> Firmamyz\u00a0Simge<span id=\"dtx-highlighting-item\"> Asans\u00f6r <\/span><span id=\"dtx-highlighting-item\">kendi <\/span><span id=\"dtx-highlighting-item\">sekt\u00f6r\u00fcnde<\/span>\u00a020 y\u0131l\u0131 a\u015fk\u0131n s\u00fcredir, teknolojinin en yeni verilerini ve mamullerini kullanarak, inceliklerinden yararlanarak, arkasynda memnun m\u00fc?teri deste?i ile \u00f6nc\u00fc \u00e7izgisinden taviz vermeden yolunda y\u00fcr\u00fcm\u00fc?, kaliteyi ve g\u00fcveni birle?tiren ismin altyna imzasyny atmy?tyr.<\/span><\/span><\/p>\n<p><span style=\"font-family: Tahoma;\"><span style=\"font-size: medium;\">\u00a0\u00a0\u00a0\u00a0\u00a0\u00a0 Firmamyz, geli?en T\u00fcrkiye\u2019 de<span id=\"dtx-highlighting-item\"> asans\u00f6r <\/span><span id=\"dtx-highlighting-item\">sekt\u00f6r\u00fcnde<\/span>ki istek ve taleplere\u00a0cevap verebilmek i\u00e7in uzman ve deneyimli\u00a0personeli ile sadece montaj, bakym, taahh\u00fct de?il; projelendirme, halkla ili?kiler ar-ge ve saty? sonrasy hizmetleri departmanlaryndaki uzman kadrosu ile \u00f6nc\u00fcl\u00fc?\u00fcn\u00fc ispatlamy?tyr.<span id=\"dtx-highlighting-item\">Firmamyz <\/span>kullanycysyna TSE belgeli bir kurumla \u00e7aly?manyn kolayly?yny ve g\u00fcvenini sunmu?, \u00fcr\u00fcnlerini projelendirmi?, 24 saat teknik servis veren, halkla ili?kiler destekli departmany ile eksiksiz, saty? sonrasy hizmetlerini sunmu? ve de aranylan marka olmu?tur.<\/span><\/span><\/p>\n<p><span style=\"font-family: Tahoma;\"><span style=\"font-size: medium;\"><span id=\"dtx-highlighting-item\">\u00a0\u00a0\u00a0\u00a0\u00a0\u00a0 Firmamyz<\/span>yn amacy ko?ulsuz m\u00fc?teri memnuniyetidir. Bizim i\u00e7in memnuniyet ise<span id=\"dtx-highlighting-item\"> firmamyz<\/span>y sadece<span id=\"dtx-highlighting-item\"> kendi <\/span>tanytymlarymyzla de?il; m\u00fc?terilerimizin, temsilcilerimiz gibi bizleri tanytmasy ve tanydyklary dostlaryna SYMGE<span id=\"dtx-highlighting-item\"> ASANS\u00d6R<\/span>\u2019\u00a0\u00fc tavsiye edebilmesidir. Kaliteli \u00fcretimi daima \u00f6n planda tutmak ve s\u00fcrekli olarak geli?tirmek ve lider firma olmak,<span id=\"dtx-highlighting-item\"> firmamyz<\/span>yn de?i?mez hedefi olmu?tur. SYMGE<span id=\"dtx-highlighting-item\"> ASANS\u00d6R<\/span>\u2019\u00a0\u00fc bug\u00fcne kadar getiren lider vasyflar ve \u00f6nc\u00fc tavry bug\u00fcnden sonra da devam edecektir.<\/span><\/span><\/p>\n<p><span style=\"font-family: Tahoma; font-size: medium;\">\u00a0<\/span><\/p>\n<p><span style=\"font-family: Tahoma; font-size: medium;\">SAYGILARIMIZLA<\/span><\/p>\n<p><span style=\"font-family: Tahoma;\"><span style=\"font-size: medium;\">SYMGE<span id=\"dtx-highlighting-item\"> ASANS\u00d6R<\/span><\/span><\/span><\/p>\n<p>&nbsp;<\/p>\n","protected":false},"excerpt":{"rendered":"<p>Firmamyz\u00a0Simge Asans\u00f6r kendi sekt\u00f6r\u00fcnde\u00a020 y\u0131l\u0131 a\u015fk\u0131n s\u00fcredir, teknolojinin en yeni verilerini ve mamullerini kullanarak, inceliklerinden yararlanarak, arkasynda memnun m\u00fc?teri deste?i ile \u00f6nc\u00fc \u00e7izgisinden taviz vermeden yolunda y\u00fcr\u00fcm\u00fc?, kaliteyi ve g\u00fcveni birle?tiren ismin altyna imzasyny atmy?tyr. \u00a0\u00a0\u00a0\u00a0\u00a0\u00a0 Firmamyz, geli?en T\u00fcrkiye\u2019 de asans\u00f6r sekt\u00f6r\u00fcndeki istek ve taleplere\u00a0cevap verebilmek i\u00e7in uzman ve deneyimli\u00a0personeli ile sadece montaj, bakym, taahh\u00fct [&hellip;]<\/p>\n","protected":false},"author":1,"featured_media":0,"parent":0,"menu_order":0,"comment_status":"closed","ping_status":"closed","template":"","meta":[],"_links":{"self":[{"href":"https:\/\/www.simgeasansor.com.tr\/index.php\/wp-json\/wp\/v2\/pages\/3941"}],"collection":[{"href":"https:\/\/www.simgeasansor.com.tr\/index.php\/wp-json\/wp\/v2\/pages"}],"about":[{"href":"https:\/\/www.simgeasansor.com.tr\/index.php\/wp-json\/wp\/v2\/types\/page"}],"author":[{"embeddable":true,"href":"https:\/\/www.simgeasansor.com.tr\/index.php\/wp-json\/wp\/v2\/users\/1"}],"replies":[{"embeddable":true,"href":"https:\/\/www.simgeasansor.com.tr\/index.php\/wp-json\/wp\/v2\/comments?post=3941"}],"version-history":[{"count":3,"href":"https:\/\/www.simgeasansor.com.tr\/index.php\/wp-json\/wp\/v2\/pages\/3941\/revisions"}],"predecessor-version":[{"id":4122,"href":"https:\/\/www.simgeasansor.com.tr\/index.php\/wp-json\/wp\/v2\/pages\/3941\/revisions\/4122"}],"wp:attachment":[{"href":"https:\/\/www.simgeasansor.com.tr\/index.php\/wp-json\/wp\/v2\/media?parent=3941"}],"curies":[{"name":"wp","href":"https:\/\/api.w.org\/{rel}","templated":true}]}}